{"id":53,"date":"2024-04-12T23:50:21","date_gmt":"2024-04-13T02:50:21","guid":{"rendered":"https:\/\/goldenmassala.com.br\/loja\/?post_type=product&#038;p=53"},"modified":"2025-04-28T09:06:47","modified_gmt":"2025-04-28T12:06:47","slug":"04-golden-bitter-frete-gratis","status":"publish","type":"product","link":"https:\/\/goldenmassala.com.br\/loja\/produto\/04-golden-bitter-frete-gratis\/","title":{"rendered":"04 Golden &#8211; Ganhe: Frete gr\u00e1tis + Curso Mestre dos Coquet\u00e9is"},"content":{"rendered":"<p>Ao adquirir <strong>4 unidades do Golden<\/strong>, voc\u00ea paga mais barato, ganha frete gr\u00e1tis e o curso online<strong> MESTRE DOS COQUET\u00c9IS<\/strong>, criado pelo mixologista Gui Cotosck.<\/p>\n<p>Voc\u00ea ir\u00e1 aprender a fazer coquet\u00e9is como um mestre, inclusive usando o Golden Massala.<\/p>\n<p>&nbsp;<\/p>\n<p>&nbsp;<\/p>\n<p><strong><em>Como voc\u00ea vai receber o acesso ao curso<\/em><\/strong><\/p>\n<p>Ao receber o Golden, dentro da embalagem ter\u00e1 as instru\u00e7\u00f5es para voc\u00ea liberar o acesso ao treinamento online.<\/p>\n<p>&nbsp;<\/p>\n","protected":false},"excerpt":{"rendered":"<p>Ao adquirir 4 unidades do Golden, voc\u00ea paga mais barato, ganha frete gr\u00e1tis e o curso online MESTRE DOS COQUET\u00c9IS, criado pelo mixologista Gui Cotosck. Voc\u00ea ir\u00e1 aprender a fazer coquet\u00e9is como um mestre, inclusive usando o Golden Massala. &nbsp; &nbsp; Como voc\u00ea vai receber o acesso ao curso Ao receber o Golden, dentro da [&hellip;]<\/p>\n","protected":false},"featured_media":480,"comment_status":"open","ping_status":"closed","template":"","meta":[],"product_cat":[19,26],"product_tag":[],"jetpack_sharing_enabled":true,"_links":{"self":[{"href":"https:\/\/goldenmassala.com.br\/loja\/wp-json\/wp\/v2\/product\/53"}],"collection":[{"href":"https:\/\/goldenmassala.com.br\/loja\/wp-json\/wp\/v2\/product"}],"about":[{"href":"https:\/\/goldenmassala.com.br\/loja\/wp-json\/wp\/v2\/types\/product"}],"replies":[{"embeddable":true,"href":"https:\/\/goldenmassala.com.br\/loja\/wp-json\/wp\/v2\/comments?post=53"}],"wp:featuredmedia":[{"embeddable":true,"href":"https:\/\/goldenmassala.com.br\/loja\/wp-json\/wp\/v2\/media\/480"}],"wp:attachment":[{"href":"https:\/\/goldenmassala.com.br\/loja\/wp-json\/wp\/v2\/media?parent=53"}],"wp:term":[{"taxonomy":"product_cat","embeddable":true,"href":"https:\/\/goldenmassala.com.br\/loja\/wp-json\/wp\/v2\/product_cat?post=53"},{"taxonomy":"product_tag","embeddable":true,"href":"https:\/\/goldenmassala.com.br\/loja\/wp-json\/wp\/v2\/product_tag?post=53"}],"curies":[{"name":"wp","href":"https:\/\/api.w.org\/{rel}","templated":true}]}}